{"id":168,"date":"2017-06-13T22:21:58","date_gmt":"2017-06-13T22:21:58","guid":{"rendered":"http:\/\/f3f.de\/?page_id=168"},"modified":"2026-01-05T11:49:40","modified_gmt":"2026-01-05T11:49:40","slug":"termine-2","status":"publish","type":"page","link":"http:\/\/f3f.de\/?page_id=168","title":{"rendered":"Termine"},"content":{"rendered":"\n<p id=\"Termine_FAI_WB\"><a href=\"#T_FAI_WB\">FAI-Wettbewerbe<\/a><br><a href=\"#T_Hangflug_WB\">Hangflug<\/a><br><a href=\"#T_Freiflug_WB\">Freiflug<\/a><br><a href=\"#T_sonst_Veranst\">Sonstige<\/a><br><a href=\"#T_Halle\">Hallenflugtermine<\/a><br><a href=\"#T_SN\">Termine Sachsen<\/a><\/p>\n\n\n\n<h2 class=\"wp-block-heading\" id=\"T_FAI_WB\">FAI-Wettbewerbe 2026<\/h2>\n\n\n\n<p>Wir warten noch auf die offiziellen Informationen, diese werden nach der Bureau-Sitzung der CIAM ver\u00f6ffentlicht. Die Antr\u00e4ge dazu m\u00fcssen bis zum 15.11.25 bei der CIAM in Lausanne eingereicht werden. Damit d\u00fcrften die Termine Mitte Dezember &#8217;25 verf\u00fcgbar sein.<\/p>\n\n\n\n<figure class=\"wp-block-table\"><table class=\"has-fixed-layout\"><tbody><tr><td><strong><em>Datum<\/em><\/strong><\/td><td><strong><em>Wettbewerb<\/em><\/strong><\/td><td><em><strong>Ort<\/strong><\/em><\/td><\/tr><tr><td><\/td><td><\/td><td><\/td><\/tr><\/tbody><\/table><\/figure>\n\n\n\n<p><\/p>\n\n\n\n<h2 class=\"wp-block-heading\" id=\"T_Hangflug_WB\">Hangflug  (F3F)<\/h2>\n\n\n\n<h2 class=\"wp-block-heading has-blue-color has-text-color\" id=\"VJZP\">Vier Jahres Zeiten &#8211; Pokal<\/h2>\n\n\n\n<figure class=\"wp-block-table\"><table><thead><tr><th class=\"has-text-align-center\" data-align=\"center\"><em>Datum<\/em><\/th><th class=\"has-text-align-center\" data-align=\"center\"><em>Uhrzeit<\/em><\/th><th class=\"has-text-align-center\" data-align=\"center\"><em>Wettbewerb<\/em><\/th><th><em>Treffpunkt<\/em><\/th><\/tr><\/thead><tbody><tr><td class=\"has-text-align-center\" data-align=\"center\"><strong>25.01.2026<\/strong><\/td><td class=\"has-text-align-center\" data-align=\"center\"><strong>10:00<\/strong><\/td><td class=\"has-text-align-center\" data-align=\"center\"><strong>Teilwettbewerb 1<\/strong><\/td><td><strong>Modellflugplatz Babisnauer Pappel<\/strong><\/td><\/tr><tr><td class=\"has-text-align-center\" data-align=\"center\"><strong>21.02.2026<\/strong><\/td><td class=\"has-text-align-center\" data-align=\"center\"><strong>10:00<\/strong><\/td><td class=\"has-text-align-center\" data-align=\"center\"><strong>Teilwettbewerb 2<\/strong><\/td><td><strong>Modellflugplatz Babisnauer Pappel<\/strong><\/td><\/tr><tr><td class=\"has-text-align-center\" data-align=\"center\"><strong>22.03.2026<\/strong><\/td><td class=\"has-text-align-center\" data-align=\"center\"><strong>10:00<\/strong><\/td><td class=\"has-text-align-center\" data-align=\"center\"><strong>Teilwettbewerb 3<\/strong><\/td><td><strong>Modellflugplatz Babisnauer Pappel<\/strong><\/td><\/tr><tr><td class=\"has-text-align-center\" data-align=\"center\"><strong>18.04.2026<\/strong><\/td><td class=\"has-text-align-center\" data-align=\"center\"><strong>10:00<\/strong><\/td><td class=\"has-text-align-center\" data-align=\"center\"><strong>Teilwettbewerb 4<\/strong><\/td><td><strong>Modellflugplatz Babisnauer Pappel<\/strong><\/td><\/tr><tr><td class=\"has-text-align-center\" data-align=\"center\"><strong>21.06.2026<\/strong><\/td><td class=\"has-text-align-center\" data-align=\"center\"><strong>10:00<\/strong><\/td><td class=\"has-text-align-center\" data-align=\"center\"><strong>Teilwettbewerb 5<\/strong><\/td><td><strong>Modellflugplatz Babisnauer Pappel<\/strong><\/td><\/tr><tr><td class=\"has-text-align-center\" data-align=\"center\"><strong>23.08.2026<\/strong><\/td><td class=\"has-text-align-center\" data-align=\"center\"><strong>10:00<\/strong><\/td><td class=\"has-text-align-center\" data-align=\"center\"><strong>Teilwettbewerb 6<\/strong><\/td><td><strong>Modellflugplatz Babisnauer Pappel<\/strong><\/td><\/tr><tr><td class=\"has-text-align-center\" data-align=\"center\"><strong>19.09.2026<\/strong><\/td><td class=\"has-text-align-center\" data-align=\"center\"><strong>10:00<\/strong><\/td><td class=\"has-text-align-center\" data-align=\"center\"><strong>Teilwettbewerb 7<\/strong><\/td><td><strong>Modellflugplatz Babisnauer Pappel<\/strong><\/td><\/tr><tr><td class=\"has-text-align-center\" data-align=\"center\"><strong>18.10.2024<\/strong><\/td><td class=\"has-text-align-center\" data-align=\"center\"><strong>10:00<\/strong><\/td><td class=\"has-text-align-center\" data-align=\"center\"><strong>Teilwettbewerb 8<\/strong><\/td><td><strong>Modellflugplatz Babisnauer Pappel<\/strong><\/td><\/tr><\/tbody><\/table><\/figure>\n\n\n\n<p class=\"has-blue-color has-text-color has-medium-font-size\" id=\"T_Freiflug_WB\"><strong>Freiflug<\/strong> (F1)<\/p>\n\n\n\n<figure class=\"wp-block-table is-style-regular\"><table><tbody><tr><td><em><strong>Datum<\/strong><\/em><\/td><td><em><strong>Beginn<\/strong><\/em><\/td><td class=\"has-text-align-center\" data-align=\"center\"><em><strong>Klasse<\/strong><\/em><\/td><td><em><strong>Wettbewerb \/ Veranstaltung<\/strong><\/em><\/td><td><em><strong>Ort<\/strong><\/em><\/td><\/tr><tr><td>xx.01.2026<\/td><td>12:00<\/td><td class=\"has-text-align-center\" data-align=\"center\">F1<\/td><td>Neujahrsfliegen<\/td><td>Flugplatz Klix<\/td><\/tr><tr><td>n.n.<\/td><td>n.n.<\/td><td class=\"has-text-align-center\" data-align=\"center\">F1<\/td><td>n.n.<\/td><td>n.n.<\/td><\/tr><\/tbody><\/table><\/figure>\n\n\n\n<p class=\"has-blue-color has-text-color has-medium-font-size\" id=\"T_sonst_Veranst\"><strong>Sonstige<\/strong><\/p>\n\n\n\n<p>Die mit einem * gekennzeichneten Termine sind aktuell als Vorank\u00fcndigungen zu betrachten und werden laufend erg\u00e4nzt\/vervollst\u00e4ndigt.<\/p>\n\n\n\n<figure class=\"wp-block-table\"><table><tbody><tr><td class=\"has-text-align-center\" data-align=\"center\"><strong><em>Datum<\/em><\/strong><\/td><td class=\"has-text-align-center\" data-align=\"center\"><em><strong>Beginn<\/strong><\/em><\/td><td class=\"has-text-align-center\" data-align=\"center\"><em><strong>Klasse<\/strong><\/em><\/td><td><em><strong>Wettbewerb \/ Veranstaltung<\/strong><\/em><\/td><td><em><strong>Ort<\/strong><\/em><\/td><\/tr><tr><td class=\"has-text-align-center\" data-align=\"center\">01.01.2026<\/td><td class=\"has-text-align-center\" data-align=\"center\">10:30<\/td><td class=\"has-text-align-center\" data-align=\"center\">F3<\/td><td>Neujahrsfliegen<\/td><td>Modellflugplatz Babisnauer Pappel<\/td><\/tr><tr><td class=\"has-text-align-center\" data-align=\"center\"><strong>01.05.2026<\/strong><\/td><td class=\"has-text-align-center\" data-align=\"center\"><strong>9:45<\/strong><\/td><td class=\"has-text-align-center\" data-align=\"center\"><strong>Modell-<br>Segelyachten<\/strong><\/td><td><strong>Regatta um den <br>Kiesgrubenpreis &#8217;26<\/strong><\/td><td><strong>Kiesgrube Pratzschwitz (Nordufer)<\/strong><\/td><\/tr><tr><td class=\"has-text-align-center\" data-align=\"center\"><strong>04.\/05.07.2026<\/strong>*<\/td><td class=\"has-text-align-center\" data-align=\"center\"><strong>9:00<\/strong><\/td><td class=\"has-text-align-center\" data-align=\"center\"><strong>F3<\/strong><\/td><td><strong>Elbe-Wasserfliegen 2026<\/strong><br>(Wasserflugtreffen)<\/td><td><strong>Dresden, Neudorfer Werder<\/strong><\/td><\/tr><\/tbody><\/table><\/figure>\n\n\n\n<h2 class=\"wp-block-heading\" id=\"T_Halle\">Hallenflugtermine 2025\/26<\/h2>\n\n\n\n<p>Der MFC Rossendorf hat wieder Hallenflugtermine f\u00fcr die Wintersaison organisiert, bei denen G\u00e4ste und auch Gastpiloteinnen &amp; -piloten sehr gern gesehen sind.<br>Auch in diesem Winter k\u00f6nnen wir in der Sporthalle des <a href=\"http:\/\/ewvt.de\" target=\"_blank\" rel=\"noreferrer noopener\">EWvT-Gymnasiums<\/a> (wenige Querstra\u00dfen s\u00fcdlich des Dresdner Hauptbahnhofes fliegen (lassen). <br>Alle Infos dazu findet Ihr auf der <a href=\"https:\/\/www.mfc-rossendorf.de\/club-aktuell\/standard-titel\/hallenflug.html\" target=\"_blank\" rel=\"noreferrer noopener\">Seite des MFC Rossendorf<\/a>.<br>Hier aber erst mal die Zeiten:<\/p>\n\n\n\n<figure class=\"wp-block-table\"><table class=\"has-fixed-layout\"><thead><tr><th><strong><em>Datum<\/em><\/strong><\/th><th><em><strong>Uhrzeit<\/strong><\/em><\/th><\/tr><\/thead><tbody><tr><td><strong>So, 04.01.2026<\/strong><\/td><td><strong>10-13 Uhr<\/strong><\/td><\/tr><tr><td><strong>So, 08.02.2026<\/strong><\/td><td><strong>18-20 Uhr<\/strong><\/td><\/tr><tr><td><strong>So, 15.02.2026<\/strong><\/td><td><strong>17-20 Uhr<\/strong><\/td><\/tr><tr><td><strong>So, 22.02.2026<\/strong><\/td><td><strong>17-20 Uhr<\/strong><\/td><\/tr><tr><td><strong>So, 01.03.2026<\/strong><\/td><td><strong>10-13 Uhr<\/strong><\/td><\/tr><tr><td><strong>So, 08.03.2026<\/strong><\/td><td><strong>10-13 Uhr<\/strong><\/td><\/tr><tr><td><strong>So, 15.03.2026<\/strong><\/td><td><strong>17-20 Uhr<\/strong><\/td><\/tr><tr><td><strong>So 22.03.2026<\/strong><\/td><td><strong>17-20 Uhr<\/strong><\/td><\/tr><\/tbody><\/table><\/figure>\n\n\n\n<h2 class=\"wp-block-heading\" id=\"T_SN\">Termine Sachsen<\/h2>\n\n\n\n<p>Hier stehen bald wieder die Termine, welche in der Fachgruppe Modellflug des LSV Sachsen bekannt sind. Wettbewerbe und Veranstaltungen, welche durch Modellflugvereine im LSV Sachsen bekanntgegeben wurden, werden in tabellarischer Form aufgelistet. <br><\/p>\n\n\n\n<p><\/p>\n","protected":false},"excerpt":{"rendered":"<p>FAI-WettbewerbeHangflugFreiflugSonstigeHallenflugtermineTermine Sachsen FAI-Wettbewerbe 2026 Wir warten noch auf die offiziellen Informationen, diese werden nach der Bureau-Sitzung der CIAM ver\u00f6ffentlicht. Die Antr\u00e4ge dazu m\u00fcssen bis zum 15.11.25 bei der CIAM in Lausanne eingereicht werden. Damit d\u00fcrften die Termine Mitte Dezember &#8217;25 verf\u00fcgbar sein. Datum Wettbewerb Ort Hangflug (F3F) Vier Jahres Zeiten &#8211; Pokal Datum Uhrzeit Wettbewerb [&hellip;]<\/p>\n","protected":false},"author":3,"featured_media":0,"parent":0,"menu_order":0,"comment_status":"closed","ping_status":"closed","template":"","meta":{"footnotes":""},"class_list":["post-168","page","type-page","status-publish","hentry"],"_links":{"self":[{"href":"http:\/\/f3f.de\/index.php?rest_route=\/wp\/v2\/pages\/168","targetHints":{"allow":["GET"]}}],"collection":[{"href":"http:\/\/f3f.de\/index.php?rest_route=\/wp\/v2\/pages"}],"about":[{"href":"http:\/\/f3f.de\/index.php?rest_route=\/wp\/v2\/types\/page"}],"author":[{"embeddable":true,"href":"http:\/\/f3f.de\/index.php?rest_route=\/wp\/v2\/users\/3"}],"replies":[{"embeddable":true,"href":"http:\/\/f3f.de\/index.php?rest_route=%2Fwp%2Fv2%2Fcomments&post=168"}],"version-history":[{"count":117,"href":"http:\/\/f3f.de\/index.php?rest_route=\/wp\/v2\/pages\/168\/revisions"}],"predecessor-version":[{"id":3557,"href":"http:\/\/f3f.de\/index.php?rest_route=\/wp\/v2\/pages\/168\/revisions\/3557"}],"wp:attachment":[{"href":"http:\/\/f3f.de\/index.php?rest_route=%2Fwp%2Fv2%2Fmedia&parent=168"}],"curies":[{"name":"wp","href":"https:\/\/api.w.org\/{rel}","templated":true}]}}