{"id":2371,"date":"2024-01-27T17:31:27","date_gmt":"2024-01-27T17:31:27","guid":{"rendered":"http:\/\/f3f.de\/?page_id=2371"},"modified":"2025-12-17T20:30:28","modified_gmt":"2025-12-17T20:30:28","slug":"datenschutz","status":"publish","type":"page","link":"http:\/\/f3f.de\/?page_id=2371","title":{"rendered":"Datenschutz"},"content":{"rendered":"\n<p><strong>Datenschutzerkl\u00e4rung<\/strong><\/p>\n\n\n\n<p>Datenschutz ist uns ein besonders wichtiges Anliegen und selbstverst\u00e4ndlich halten wir uns an die geltenden datenschutzrechtlichen Vorgaben. Wir m\u00f6chten Sie daher nachfolgend \u00fcber die mit dem Besuch dieser Internetseite verbundene Verarbeitung von personenbezogenen Daten aufkl\u00e4ren und Sie \u00fcber Ihre entsprechenden Rechte informieren:<\/p>\n\n\n\n<p><strong>Verantwortliche Stelle f\u00fcr die Datenverarbeitung<\/strong><\/p>\n\n\n\n<p>Verantwortlicher im Sinne des Art. 4 Nr. 7 DSGVO, an den Sie sich bei Fragen oder einem anderen Anliegen zum Datenschutz wenden k\u00f6nnen, ist:<\/p>\n\n\n\n<p>Modellflugsportclub TU Dresden e.V.<br>(vertreten durch den Vorstand gem. \u00a7 26 BGB, Vorsitzender: Uwe Sch\u00f6nlebe)<br>Elsterwerdaer Str. 11<br>01239 Dresden<br>E-Mail: vorstand@f3f.de<\/p>\n\n\n\n<p><strong>Ansprechpartner bei Fragen zur Erhebung, Verarbeitung und Nutzung Ihrer personenbezogenen Daten<\/strong><\/p>\n\n\n\n<p>Modellflugsportclub TU Dresden e.V.<br>Michael J\u00e4ckel<br>michael.jaeckel@f3f.de<br>Elbhangstr. 6a<br>01156 Dresden<\/p>\n\n\n\n<p><strong>Allgemeine Hinweise zum Datenschutz<\/strong><\/p>\n\n\n\n<p>Beim Besuch unserer Internetseite werden auf verschiedene Weise personenbezogene Daten der Nutzer erfasst. Personenbezogene Daten sind solche Daten, mit denen eine nat\u00fcrliche Person mittelbar oder unmittelbar identifiziert werden kann. <br>Zu den Daten, welche die unmittelbare Identifizierung einer Person erm\u00f6glichen, geh\u00f6ren beispielsweise der Name des Betroffenen, seine Wohnadresse, seine Telefonnummer oder auch sein Geburtsdatum. Derartige Daten werden beim Besuch unserer Webseite nicht erfasst.<\/p>\n\n\n\n<p><strong>Welche Daten werden erfasst und verarbeitet?<\/strong><\/p>\n\n\n\n<p>Wenn Sie unsere Seite aufrufen, werden von dem Server unserer Internetseite sogenannte Zugriffsdaten bzw. Server-Logfiles gespeichert, wie z.B. der verwendete Webbrowser und das verwendete Betriebssystem, der Domain-Name Ihre Internet-Providers, Ihre IP-Adresse oder auch der sogenannte Zeitstempel, also der genaue Zeitpunkt und die Dauer Ihres Besuchs. Diese Daten m\u00fcssen notwendigerweise erfasst werden, um technisch eine Verbindung herzustellen und die Internetseite darzustellen. Eine Datenauswertung bzw. eine explizite Kontaktaufnahme mit Ihrem Provider zur mittelbaren Erlangung weiterer Daten erfolgt durch uns jedoch nicht, auch nicht in anonymisierter Form. <br>Zusammenfassend werden folgende Kategorien von Daten beim Besuch unserer Webseite erfasst und gespeichert:<br>&nbsp;&nbsp;&nbsp; &#8211; Kommunikationsdaten (Ger\u00e4te-Informationen, IP-Adresse)<br>&nbsp;&nbsp;&nbsp; &#8211; Nutzungsdaten (besuchte Internetseite, Nutzungsdauer etc.)<br>Eine Erfassung weiterer Daten (Mailadresse, Namen) w\u00fcrde ausschlie\u00dflich dann erfolgen, wenn Sie uns aktiv per Mail kontaktieren.<\/p>\n\n\n\n<p><strong>Rechtsgrundlage f\u00fcr die Verarbeitung<\/strong><\/p>\n\n\n\n<p>Als ma\u00dfgebliche Rechtsgrundlagen f\u00fcr die Zul\u00e4ssigkeit der Verarbeitung dienen die EU-Datenschutzgrundverordnung vom 27.04.2016 sowie das Bundesdatenschutzgesetz i.d.F. v. 30.06.2017. Die Rechtm\u00e4\u00dfigkeit der Datenerfassung ergibt sich aus Art. 6 DSGVO. Soweit die Datenverarbeitung aufgrund einer ausdr\u00fccklichen Einwilligung erfolgt, dient Abs. 1 a) der genannten Norm als Rechtsgrundlage. Art. 6 Abs. 1 b) DSGVO ist Rechtsgrundlage f\u00fcr alle anderen Datenverarbeitungen, die zur Durchf\u00fchrung vertraglicher Ma\u00dfnahmen, aber auch zur Beantwortung von Anfragen erforderlich sind. Soweit wir im Einzelfall zur Datenverarbeitung rechtlich verpflichtet sind, ist hierf\u00fcr Art. 6 Abs. 1 c) DSGVO die Grundlage; in dem Fall, dass die Verarbeitung der Wahrung unserer berechtigten Interessen dient, Art. 6 Abs. 1 f) DSGVO.<\/p>\n\n\n\n<p><strong>Zweck und Dauer der Datenverarbeitung<\/strong><\/p>\n\n\n\n<p>Die automatische Erfassung Ihrer Nutzer- und Kommunikationsdaten beim Besuch unserer Internetseite dient notwendigerweise der Herstellung der technischen Verbindung und Nutzbarkeit unserer Internetseite. Eventuelle zus\u00e4tzliche Angaben, die Sie uns per Mail, Brief oder telefonisch \u00fcbermitteln, werden allein dem Zweck und Anlass entsprechend verarbeitet. Nach Wegfall des Grundes f\u00fcr die Speicherung, werden die Daten unverz\u00fcglich gel\u00f6scht oder \u2013 sofern im Einzelfall erforderlich \u2013 gesperrt.<\/p>\n\n\n\n<p><strong>Rechte des Betroffenen<\/strong><\/p>\n\n\n\n<p>Sie haben hinsichtlich der Verarbeitung Ihrer personenbezogenen Daten nach den geltenden datenschutzrechtlichen Bestimmungen insbesondere einen Anspruch auf Information und Auskunft \u00fcber die von uns vorgenommene Verarbeitung Ihrer personenbezogenen Daten (Art. 15 DSGVO), auf Berichtigung und Vervollst\u00e4ndigung bez\u00fcglich unrichtiger bzw. unvollst\u00e4ndiger Daten (Art. 16 DSGVO) und auf L\u00f6schung nach Ma\u00dfgabe des Art. 17 DSGVO bzw. auf Einschr\u00e4nkung nach Art. 18 DSGVO.<\/p>\n\n\n\n<p><strong>Widerspruch und Widerruf von Einwilligungen<\/strong><\/p>\n\n\n\n<p>Soweit Ihre personenbezogenen Daten im Rahmen des Art. 6 Abs. 1 f) DSGVO erhoben und verarbeitet werden (d.h. bei Vorliegen berechtigter Interessen des Verantwortlichen), haben Sie nach Art. 21 DSGVO das Recht, hiergegen jederzeit Widerspruch einzulegen, wenn insoweit Gr\u00fcnde bestehen, die sich aus Ihrer besonderen Situation ergeben, oder wenn sich der Widerspruch gegen eine Direktwerbung richtet. <br>Soweit eine Datenverarbeitung aufgrund Ihrer diesbez\u00fcglichen vorherigen Einwilligung erfolgt ist, steht es Ihnen jederzeit frei, Ihre Einwilligung in den betreffenden Datenverarbeitungsvorgang zu widerrufen.<br>Sowohl f\u00fcr den Widerspruch als auch f\u00fcr den Widerruf gen\u00fcgt eine einfache Mitteilung per E-Mail an uns. Die betreffenden personenbezogenen Daten werden dann unverz\u00fcglich gel\u00f6scht.<\/p>\n\n\n\n<p><strong>Datenweitergabe<\/strong><\/p>\n\n\n\n<p>Eine aktive Weitergabe von Daten zur allgemeinen Nutzung der Internetseite an Dritte erfolgt nicht, weder zu kommerziellen noch zu nichtkommerziellen Zwecken.<\/p>\n\n\n\n<p><strong>Datensicherheit<\/strong><\/p>\n\n\n\n<p>Wir versichern, dass wir die nach Art. 32 DSGVO erforderlichen technischen sowie organisatorischen Ma\u00dfnahmen ergriffen haben, um ein dem Risiko f\u00fcr die Rechte und Freiheiten des Nutzers angemessenes Schutzniveau zu gew\u00e4hrleisten. Dies betrifft insbesondere die Auswahl der verwendeten Hard- und Software sowie die innerorganisatorische Kontrolle und Zugriffsberechtigung.<br>Nichtsdestotrotz wird vorsorglich darauf hingewiesen, dass die Daten\u00fcbertragung im Internet (beispielsweise per E-Mail) immer gewisse Sicherheitsl\u00fccken aufweisen und nicht vollumf\u00e4nglich vor dem Zugriff durch Dritte gesch\u00fctzt werden kann.<\/p>\n\n\n\n<p><strong>Cookies<\/strong><\/p>\n\n\n\n<p>Um die Nutzung bestimmter Funktionen auf unserer Internetseite zu erm\u00f6glichen, verwenden wir sogenannte Cookies. Hierbei handelt es sich um kleine Textdateien, die auf Ihrem Rechner abgelegt werden, um Sie bei Ihrem n\u00e4chsten Besuch auf unserer Internetseite wiederzuerkennen. Sie ersparen Ihnen dann zum Beispiel die wiederholte Eingabe von Daten und erleichtern zugleich die \u00dcbermittlung bestimmter Inhalte der Internetseite. Cookies richten auf Ihrem Computer keinen Schaden an und enthalten auch keine Computerviren.<br>Selbstverst\u00e4ndlich k\u00f6nnen Sie den Einsatz dieser Cookies verweigern; insoweit bitten wir Sie, die Cookies bei den Sicherheitseinstellungen Ihres Browsers zu deaktivieren. Auch ist es m\u00f6glich, Cookies \u2013 soweit sie nach Beendigung Ihres Besuches auf unserer Homepage ohnehin nicht automatisch gel\u00f6scht werden \u2013 im Nachgang zu l\u00f6schen. Wir weisen allerdings darauf hin, dass die Nichtaktivierung von Cookies zu Einschr\u00e4nkungen bei den betreffenden Funktionen f\u00fchren kann.<\/p>\n\n\n\n<p><strong>Analysedienste<\/strong><\/p>\n\n\n\n<p>Unsere Internetseite verwendet Matomo, ehemals Piwik. Dabei handelt es sich um einen sogenannten Webanalysedienst. Matomo verwendet sog. \u201eCookies\u201c, das sind Textdateien, die auf Ihrem Computer gespeichert werden und die unsererseits eine Analyse der Benutzung der Internetseite erm\u00f6glichen. Zu diesem Zweck werden die durch den Cookie erzeugten Nutzungsinformationen (einschlie\u00dflich Ihrer gek\u00fcrzten IP-Adresse) an unseren Server \u00fcbertragen und zu Nutzungsanalysezwecken gespeichert, was der Internetseitenoptimierung unsererseits dient. Ihre IP-Adresse wird bei diesem Vorgang umgehend anonymisiert, so dass Sie als Nutzer f\u00fcr uns anonym bleiben. Die durch den Cookie erzeugten Informationen \u00fcber Ihre Benutzung dieser Internetseite werden nicht an Dritte weitergegeben. Sie k\u00f6nnen die Verwendung der Cookies durch eine entsprechende Einstellung Ihrer Browser Software verhindern, es kann jedoch sein, dass Sie in diesem Fall gegebenenfalls nicht s\u00e4mtliche Funktionen dieser Internetseite voll umf\u00e4nglich nutzen k\u00f6nnen.<br>Wenn Sie mit der Speicherung und Auswertung dieser Daten aus Ihrem Besuch nicht einverstanden sind, dann k\u00f6nnen Sie der Speicherung und Nutzung mit der nachfolgenden Option (Deaktivierung des H\u00e4ckchens in der Checkbox) jederzeit widersprechen. In diesem Fall wird in Ihrem Browser ein sog. Opt-Out-Cookie abgelegt, was zur Folge hat, dass Matomo keinerlei Sitzungsdaten erhebt. Achtung: Wenn Sie Ihre Cookies l\u00f6schen, so hat dies zur Folge, dass auch das Opt-Out-Cookie gel\u00f6scht wird und ggf. von Ihnen erneut aktiviert werden muss.<\/p>\n\n\n\n<p><em>Quelle: <\/em><a href=\"http:\/\/www.datenschutzbeauftragter-info.de\/\">www.datenschutzbeauftragter-info.de<\/a><\/p>\n","protected":false},"excerpt":{"rendered":"<p>Datenschutzerkl\u00e4rung Datenschutz ist uns ein besonders wichtiges Anliegen und selbstverst\u00e4ndlich halten wir uns an die geltenden datenschutzrechtlichen Vorgaben. Wir m\u00f6chten Sie daher nachfolgend \u00fcber die mit dem Besuch dieser Internetseite verbundene Verarbeitung von personenbezogenen Daten aufkl\u00e4ren und Sie \u00fcber Ihre entsprechenden Rechte informieren: Verantwortliche Stelle f\u00fcr die Datenverarbeitung Verantwortlicher im Sinne des Art. 4 Nr. [&hellip;]<\/p>\n","protected":false},"author":10,"featured_media":0,"parent":0,"menu_order":0,"comment_status":"closed","ping_status":"closed","template":"","meta":{"footnotes":""},"class_list":["post-2371","page","type-page","status-publish","hentry"],"_links":{"self":[{"href":"http:\/\/f3f.de\/index.php?rest_route=\/wp\/v2\/pages\/2371","targetHints":{"allow":["GET"]}}],"collection":[{"href":"http:\/\/f3f.de\/index.php?rest_route=\/wp\/v2\/pages"}],"about":[{"href":"http:\/\/f3f.de\/index.php?rest_route=\/wp\/v2\/types\/page"}],"author":[{"embeddable":true,"href":"http:\/\/f3f.de\/index.php?rest_route=\/wp\/v2\/users\/10"}],"replies":[{"embeddable":true,"href":"http:\/\/f3f.de\/index.php?rest_route=%2Fwp%2Fv2%2Fcomments&post=2371"}],"version-history":[{"count":4,"href":"http:\/\/f3f.de\/index.php?rest_route=\/wp\/v2\/pages\/2371\/revisions"}],"predecessor-version":[{"id":3519,"href":"http:\/\/f3f.de\/index.php?rest_route=\/wp\/v2\/pages\/2371\/revisions\/3519"}],"wp:attachment":[{"href":"http:\/\/f3f.de\/index.php?rest_route=%2Fwp%2Fv2%2Fmedia&parent=2371"}],"curies":[{"name":"wp","href":"https:\/\/api.w.org\/{rel}","templated":true}]}}