{"id":2787,"date":"2024-09-10T13:55:01","date_gmt":"2024-09-10T13:55:01","guid":{"rendered":"https:\/\/f3f.de\/?page_id=2787"},"modified":"2024-09-10T14:03:24","modified_gmt":"2024-09-10T14:03:24","slug":"f3fff","status":"publish","type":"page","link":"http:\/\/f3f.de\/?page_id=2787","title":{"rendered":"F3FFF"},"content":{"rendered":"\n<p>F3F for fun &#8211; ein Hangflugtreffen f\u00fcr F3F Liebhaber und Einsteiger<\/p>\n\n\n\n<p>Hallo allerseits,<br><br>die Nachfrage nach einem Wettkampf auf R\u00fcgen ist nicht zu \u00fcberh\u00f6ren. F\u00fcr den WorldCup bleibt das auch weiterhin in Kraft und wird mit dem Wechsel der Organisation auch weiterhin so angepeilt.<br><br>Jedoch h\u00e4lt uns das nicht davon ab, ein kleines Event zum Erhalt des Pulses auf der Insel zu machen.<br>Geplant ist eine offene Veranstaltung mit niedriger Einstiegsschwelle, damit alle diejenigen, die schon immer mal Wettbewerbsluft schnuppern wollten, eine Chance f\u00fcr den ersten Schritt bekommen. Die Einladung geht explizit an alle Newbies, Rookies, Junioren und Feierabendflieger. Und damit das Feeling bei allen richtig ankommt, haben wir extra keine Helfer organisiert, damit auch jeder begreift worauf es ankommt.<br><br>Unser Ziel ist es zu begeistern und zu fesseln, auf das man nicht mehr herausfindet aus dem Strudel des F3F.<br><br>Anmeldung auf F3X-Vault:<br><a href=\"https:\/\/www.f3xvault.com\/?action=event&amp;function=event_view&amp;event_id=3267\" target=\"_blank\" rel=\"noreferrer noopener\">F3FF &#8211; F3F For Fun<\/a><br><br>3.-4.10.2024<br>Offenes Training, ggf. Wettkampf wenn die Motivation da ist<br><br>5.10.-6.10.2024<br>Wettkampf<\/p>\n\n\n\n<p>Wir treffen uns am 03.10.2024 09:00 Uhr direkt am Hang. Die Bekanntgabe des Treffpunktes erfolgt am Morgen des 03.10.2024 bis 08:00 Uhr direkt auf der Startseite von f3f.de.<\/p>\n","protected":false},"excerpt":{"rendered":"<p>F3F for fun &#8211; ein Hangflugtreffen f\u00fcr F3F Liebhaber und Einsteiger Hallo allerseits, die Nachfrage nach einem Wettkampf auf R\u00fcgen ist nicht zu \u00fcberh\u00f6ren. F\u00fcr den WorldCup bleibt das auch weiterhin in Kraft und wird mit dem Wechsel der Organisation auch weiterhin so angepeilt. Jedoch h\u00e4lt uns das nicht davon ab, ein kleines Event zum [&hellip;]<\/p>\n","protected":false},"author":9,"featured_media":0,"parent":2508,"menu_order":0,"comment_status":"open","ping_status":"closed","template":"page-templates\/front-page.php","meta":{"footnotes":""},"class_list":["post-2787","page","type-page","status-publish","hentry"],"_links":{"self":[{"href":"http:\/\/f3f.de\/index.php?rest_route=\/wp\/v2\/pages\/2787","targetHints":{"allow":["GET"]}}],"collection":[{"href":"http:\/\/f3f.de\/index.php?rest_route=\/wp\/v2\/pages"}],"about":[{"href":"http:\/\/f3f.de\/index.php?rest_route=\/wp\/v2\/types\/page"}],"author":[{"embeddable":true,"href":"http:\/\/f3f.de\/index.php?rest_route=\/wp\/v2\/users\/9"}],"replies":[{"embeddable":true,"href":"http:\/\/f3f.de\/index.php?rest_route=%2Fwp%2Fv2%2Fcomments&post=2787"}],"version-history":[{"count":1,"href":"http:\/\/f3f.de\/index.php?rest_route=\/wp\/v2\/pages\/2787\/revisions"}],"predecessor-version":[{"id":2788,"href":"http:\/\/f3f.de\/index.php?rest_route=\/wp\/v2\/pages\/2787\/revisions\/2788"}],"up":[{"embeddable":true,"href":"http:\/\/f3f.de\/index.php?rest_route=\/wp\/v2\/pages\/2508"}],"wp:attachment":[{"href":"http:\/\/f3f.de\/index.php?rest_route=%2Fwp%2Fv2%2Fmedia&parent=2787"}],"curies":[{"name":"wp","href":"https:\/\/api.w.org\/{rel}","templated":true}]}}