{"id":863,"date":"2019-01-18T05:13:22","date_gmt":"2019-01-18T05:13:22","guid":{"rendered":"http:\/\/f3f.de\/?page_id=863"},"modified":"2020-02-13T05:43:58","modified_gmt":"2020-02-13T05:43:58","slug":"veranstaltungskalender-2019","status":"publish","type":"page","link":"http:\/\/f3f.de\/?page_id=863","title":{"rendered":"Veranstaltungskalender 2020"},"content":{"rendered":"<h6>01.03. fliegen wir in der Turnhalle in Lichtenberg am Donnerstag vor diesem Termin \u00a0 \u00a0 \u00a0 \u00a0 \u00a0 \u00a0 \u00a0 \u00a0 \u00a0 \u00a0 \u00a0 machen wir die Modelle flott<\/h6>\n<h6 style=\"text-align: left;\">14.03. Freiflug in Riesa<\/h6>\n<h6>22.03. L\u00f6ffler-Cup in Gro\u00dfnaundorf<\/h6>\n<h6>07.06. S\u00e4chsische Staatsmeisterschaft Freiflug in Riesa<\/h6>\n<h6>20.\/21.06. Sonnenwendpokal in Klix (bin ich nicht da)<\/h6>\n<h6>25.07. &#8211; 02.08. Steutz Modellflugjugendwoche<\/h6>\n<h6>15.\/16.08. Deutsche Jugendmeisterschaft Freiflug in Freienhufen<\/h6>\n<h6>04.10. Freiflug in Riesa<\/h6>\n<h6>11.10. Freiflug in Freienhufen<\/h6>\n<h6>08.11. Freiflug in Riesa Ersatztermin<\/h6>\n<h6><\/h6>\n<h6><\/h6>\n<h6><\/h6>\n","protected":false},"excerpt":{"rendered":"<p>01.03. fliegen wir in der Turnhalle in Lichtenberg am Donnerstag vor diesem Termin \u00a0 \u00a0 \u00a0 \u00a0 \u00a0 \u00a0 \u00a0 \u00a0 \u00a0 \u00a0 \u00a0 machen wir die Modelle flott 14.03. Freiflug in Riesa 22.03. L\u00f6ffler-Cup in Gro\u00dfnaundorf 07.06. S\u00e4chsische Staatsmeisterschaft Freiflug in Riesa 20.\/21.06. Sonnenwendpokal in Klix (bin ich nicht da) 25.07. &#8211; 02.08. Steutz [&hellip;]<\/p>\n","protected":false},"author":8,"featured_media":747,"parent":130,"menu_order":1,"comment_status":"closed","ping_status":"closed","template":"","meta":{"footnotes":""},"class_list":["post-863","page","type-page","status-publish","has-post-thumbnail","hentry"],"_links":{"self":[{"href":"http:\/\/f3f.de\/index.php?rest_route=\/wp\/v2\/pages\/863","targetHints":{"allow":["GET"]}}],"collection":[{"href":"http:\/\/f3f.de\/index.php?rest_route=\/wp\/v2\/pages"}],"about":[{"href":"http:\/\/f3f.de\/index.php?rest_route=\/wp\/v2\/types\/page"}],"author":[{"embeddable":true,"href":"http:\/\/f3f.de\/index.php?rest_route=\/wp\/v2\/users\/8"}],"replies":[{"embeddable":true,"href":"http:\/\/f3f.de\/index.php?rest_route=%2Fwp%2Fv2%2Fcomments&post=863"}],"version-history":[{"count":6,"href":"http:\/\/f3f.de\/index.php?rest_route=\/wp\/v2\/pages\/863\/revisions"}],"predecessor-version":[{"id":1229,"href":"http:\/\/f3f.de\/index.php?rest_route=\/wp\/v2\/pages\/863\/revisions\/1229"}],"up":[{"embeddable":true,"href":"http:\/\/f3f.de\/index.php?rest_route=\/wp\/v2\/pages\/130"}],"wp:featuredmedia":[{"embeddable":true,"href":"http:\/\/f3f.de\/index.php?rest_route=\/wp\/v2\/media\/747"}],"wp:attachment":[{"href":"http:\/\/f3f.de\/index.php?rest_route=%2Fwp%2Fv2%2Fmedia&parent=863"}],"curies":[{"name":"wp","href":"https:\/\/api.w.org\/{rel}","templated":true}]}}