{"id":41,"date":"2017-05-01T12:56:37","date_gmt":"2017-05-01T12:56:37","guid":{"rendered":"http:\/\/f3f.de\/?page_id=41"},"modified":"2017-05-01T13:39:48","modified_gmt":"2017-05-01T13:39:48","slug":"satzung","status":"publish","type":"page","link":"https:\/\/f3f.de\/?page_id=41","title":{"rendered":"Satzung"},"content":{"rendered":"<p>Stand vom 27. M\u00e4rz 2014<\/p>\n<h1>\u00a7 1 Name und Sitz<\/h1>\n<ol>\n<li>Der Name des Vereins lautet &#8222;Modellflugsportclub TU Dresden e.V.&#8220; (MFSC TUD e.V.)<\/li>\n<li>Der Sitz des Vereins ist Dresden.<\/li>\n<li>Der Verein ist in das Vereinsregister beim Amtsgericht Dresden, unter VR 180 eingetragen.<\/li>\n<\/ol>\n<h1>\u00a7 2 Zweck, Gemeinn\u00fctzigkeit, Mittelverwendung<\/h1>\n<ol>\n<li>Der Verein verfolgt ausschlie\u00dflich und unmittelbar gemeinn\u00fctzige Zwecke, im Sinne des Abschnittes &#8222;Steuerbeg\u00fcnstigte Zwecke&#8220; der Abgabenordnung.<\/li>\n<li>Zweck des Vereins ist die F\u00f6rderung des Sports, vordergr\u00fcndig die F\u00f6rderung und Pflege des Modellflugsports.<\/li>\n<li>Der Satzungszweck wird verwirklicht, insbesondere durch:\n<ul>\n<li>die F\u00f6rderung, Pflege und Entwicklung des Modellflugsportes sowie Beachtung der Sicherheit beim Ungang mit Flugmodellen.<\/li>\n<li>den Modellflugsport so zu organisieren, dass f\u00fcr die Interessenbefriedigung seiner Mitglieder g\u00fcnstige und technische Voraussetzungen geschaffen werden.<\/li>\n<li>die Ausrichtung und Teilnahme an Wettbewerben im In- und Ausland sowie die Popularisierung des Modellflugsports durch attraktive Schauflugvorf\u00fchrungen zu organisieren.<\/li>\n<li>seine Mitglieder zu umweltbewusstem Handeln anzuhalten und ihnen hierzu \u00f6kologische Kenntnisse zu vermitteln und ggf. bei Zuwiderhandlungen Sanktionen aufzuerlegen.<\/li>\n<li>den gemeinschaftlichen Erwerb, Errichtung und Betrieb von Einrichtungen, die Voraussetzung zur Aus\u00fcbung des Modellflugsports sowie Nutzung von M\u00f6glichkeiten zum Materialerwerb durch die Mitglieder zu verg\u00fcnstigten Bedingungen zu erm\u00f6glichen.<\/li>\n<li>die Aus- und Weiterbildung von \u00dcbungsleitern und Sportzeugen zu organisieren, sofern dies nicht durch andere Einrichtungen realisiert wird.<\/li>\n<li>die Betreuung und F\u00f6rderung von modellsportlich interessierten Jugendlichen durch Vermittlung modellflugsportspezifischer Kenntnisse und Fertigkeiten sowie umwelt- und sportgerechten Verhaltens.<\/li>\n<\/ul>\n<\/li>\n<li>Der Verein ist selbstlos t\u00e4tig und verfolgt nicht in erster Linie eigenwirtschaftliche Zwecke.<\/li>\n<li>Mittel des Vereins d\u00fcrfen nur f\u00fcr die satzungsm\u00e4\u00dfigen Zwecke verwendet werden. Die Mitglieder erhalten keine Zuwendungen aus den Mitteln des Vereins.<\/li>\n<li>Es darf keine Person durch Ausgaben, die dem Zweck des Vereins fremd sind, oder durch unverh\u00e4ltnism\u00e4\u00dfige hohe Verg\u00fctung beg\u00fcnstigt werden.<\/li>\n<\/ol>\n<h1>\u00a7 3 Gesch\u00e4ftsjahr<\/h1>\n<div>Das Gesch\u00e4ftsjahr ist das Kalenderjahr.<\/div>\n<div><\/div>\n<div>\n<h1>\u00a7 4 Erwerb der Mitgliedschaft<\/h1>\n<ol>\n<li>Mitglieder des Vereins sind die ordentlichen Mitglieder, die au\u00dferordentlichen Mitglieder, die\u00a0Ehrenmitglieder und die f\u00f6rdernden Mitglieder. Mitglied kann jede nat\u00fcrliche oder juristische\u00a0Person werden. \u00dcber den Aufnahmeantrag als ordentliche oder au\u00dferordentliche sowie\u00a0f\u00f6rdernde Mitglieder entscheidet der Vorstand. \u00dcber Aufnahmeantr\u00e4ge juristischer Personen\u00a0sowie\u00a0das Antragen einer Ehrenmitgliedschaft an Personen, die sich um den Modellflugsport\u00a0bzw. den Verein besonders verdient gemacht haben, entscheidet\u00a0der Vorstand.\u00a0Wird der\u00a0Antrag abgelehnt, m\u00fcssen die Gr\u00fcnde dem Antragsteller nicht genannt werden.<\/li>\n<li>Als mittelbares ordentliches Mitglied kann aufgenommen werden, wer das\u00a018. Lebensjahr\u00a0vollendet, als jugendliches mittelbares ordentliches Mitglied, wer das 14. Lebensjahr\u00a0vollendet und das\u00a018. Lebensjahr noch nicht \u00fcberschritten hat.<\/li>\n<li>Kinder bis zur Vollendung des 14. Lebensjahres k\u00f6nnen mit Zustimmung ihrer gesetzlichen\u00a0Vertreter als ordentliches Mitglied aufgenommen werden.<\/li>\n<li>Nat\u00fcrlichen Personen, die sich um den Verein hervorragend verdient gemacht haben, kann\u00a0die Mitgliederversammlung die Ehrenmitgliedschaft antragen.<\/li>\n<li>F\u00f6rderndes Mitglied kann jede juristische oder nat\u00fcrliche Person werden, die\u00a0den Verein\u00a0materiell oder immateriell unterst\u00fctzt.<\/li>\n<li>Jede juristische Person kann Mitglied im Verein werden, wenn diese die Satzung anerkennt.<\/li>\n<\/ol>\n<h1>\u00a7 5 Mitgliedsbeitr\u00e4ge<\/h1>\n<ol>\n<li>Der Mitgliedsbeitrag setzt sich aus\u00a0folgenden\u00a0Bestandteilen zusammen:\n<ul>\n<li>Verbandsbeitr\u00e4ge\u00a0(z.B.\u00a0Luftsportverbandes Sachsen\u00a0e.V. und DAeC e.V.)<\/li>\n<li>Vereinsbeitr\u00e4ge<\/li>\n<li>m\u00f6gliche Umlagen f\u00fcr den Vereinsflugplatz, die sich aus den tats\u00e4chlichen Aufwendungen\u00a0ergeben\u00a0und in der j\u00e4hrlichen Beitragsordnung von der Mitgliederversammlung\u00a0beschlossen wird<\/li>\n<li>Aufnahmebeitr\u00e4ge f\u00fcr neue Mitglieder<\/li>\n<li>m\u00f6gliche Versicherungsbeitr\u00e4ge<\/li>\n<\/ul>\n<\/li>\n<li>Der Vereinsbeitrag wird durch die Mitgliederversammlung festgesetzt.<\/li>\n<li>Jugendliche mittelbare ordentliche Mitglieder zahlen den halben Vereinsbeitrag.<\/li>\n<li>Ehrenmitglieder und f\u00f6rdernde Mitglieder zahlen keinen Vereinsbeitrag. Au\u00dferordentliche\u00a0Mitglieder k\u00f6nnen auf Beschluss der Mitgliederversammlung ganz\u00a0oder\u00a0teilweise vom\u00a0Vereinsbeitrag befreit werden.<\/li>\n<\/ol>\n<\/div>\n<div>\n<h1>\u00a7 6 Verlust der Mitgliedschaft<\/h1>\n<ol>\n<li>Die\u00a0Mitgliedschaft erlischt durch:\n<ul>\n<li>Austritt<\/li>\n<li>Streichung<\/li>\n<li>Ausschluss durch den Verein<\/li>\n<li>Tod<\/li>\n<li>Aufl\u00f6sung des Vereins<\/li>\n<\/ul>\n<\/li>\n<li>Das ausscheidende Mitglied verliert jeden Anspruch an den Verein. Verpflichtungen\u00a0gegen\u00fcber dem Verein aus der Mitgliedschaft bleiben davon unber\u00fchrt.<\/li>\n<li>Der Austritt ist nur zum Ablauf des Gesch\u00e4ftsjahres zul\u00e4ssig. Ist die Austrittserkl\u00e4rung nicht\u00a0sp\u00e4testens bis zum 31.12. des Gesch\u00e4ftsjahres beim Verein schriftlich eingegangen, so sind\u00a0die Vereinsbeitr\u00e4ge auch noch f\u00fcr das folgende Kalenderjahr zu entrichten.<\/li>\n<li>Die Streichung eines Mitgliedes von\u00a0der Mitgliederliste erfolgt durch den Vorstand.\u00a0Eine\u00a0Streichung ist zul\u00e4ssig, wenn es trotz zweimaliger schriftlicher Mahnung mit der Zahlung der\u00a0Mitgliedsbeitr\u00e4ge im R\u00fcckstand ist. Die Streichung darf erst beschlossen werden, nachdem\u00a0seit Absendung des zweiten Mahnschreibens 6 Wochen verstrichen sind und keinevollst\u00e4ndige Zahlung eingegangen ist. Zwischen der Absendung des ersten und zweiten\u00a0Mahnschreibens soll eine Frist von 14 Kalendertagen bestehen. Die Streichung ist dem\u00a0Mitglied schriftlich mitzuteilen.<\/li>\n<li>Ein Mitglied kann durch den Vorstand ausgeschlossen werden:\n<ul>\n<li>bei groben Verst\u00f6\u00dfen gegen die Satzung des Vereins\u00a0bei Vernachl\u00e4ssigung der Vereins-und Verbandspflichten, wenn mit Fristsetzung\u00a0unter\u00a0Androhung\u00a0des Ausschlusses schriftlich gemahnt worden\u00a0ist<\/li>\n<li>bei Nichtbeachtung\u00a0von Beschl\u00fcssen des Vereins<\/li>\n<li>bei erwiesenen strafrechtlich relevanten Verfehlungen oder Vergehen gegen\u00a0Vereinsmitglieder bzw. den Verein<\/li>\n<\/ul>\n<\/li>\n<li>Gegen den Beschluss eines Ausschlusses besteht das Recht der Berufung.<\/li>\n<\/ol>\n<div class=\"canvasWrapper\"><\/div>\n<h1>\u00a7 7 Organe<\/h1>\n<ol>\n<li>Organe des Vereins sind:\n<ul>\n<li>die Mitgliederversammlung<\/li>\n<li>der Vorstand<\/li>\n<\/ul>\n<\/li>\n<li>Der Vorstand setzt sich mindestens zusammen aus:\n<ul>\n<li>dem\u00a0Vorsitzenden des Vereins<\/li>\n<li>dem Stellvertreter des Vorsitzenden<\/li>\n<li>dem Schatzmeister.<\/li>\n<li>Auf Beschluss der Mitgliederversammlung kann der Vorstand um weitere Vereinsmitglieder\u00a0erweitert werden.<\/li>\n<\/ul>\n<\/li>\n<li>Der Vorstand st\u00fctzt sich bei Erfordernis auf einen Beirat, bestehend aus\u00a0dem\u00a0Vorsitzenden\u00a0bzw. deren Stellvertretern der Fachgruppen sowie den Leitern der Sektionen.<\/li>\n<\/ol>\n<h1>\u00a7 8 Mitgliederversammlung<\/h1>\n<div><\/div>\n<ol>\n<li>Die Mitgliederversammlung\u00a0ist das oberste Organ des Vereins. Sie tritt mindestens einmal im\u00a0Jahr zusammen und wird durch den Vorstand einberufen.<\/li>\n<li>Die Mitgliederversammlung setzt sich zusammen aus den ordentlichen Mitgliedern den\u00a0au\u00dferordentlichen Mitgliedern, den Ehrenmitgliedern\u00a0und den f\u00f6rdernden Mitgliedern.<\/li>\n<li>Die Mitgliederversammlung ist f\u00fcr alle Aufgaben zust\u00e4ndig, die nicht durch Gesetz, Satzung\u00a0oder Beschluss der Mitgliederversammlung dem Vorstand \u00fcbertragen sind.<\/li>\n<li>Jede ordnungsgem\u00e4\u00df einberufene Mitgliederversammlung ist ohne\u00a0R\u00fccksicht auf die Zahl\u00a0der erschienenen Mitglieder beschlussf\u00e4hig.\u00a0Auf diesen Umstand ist mit der Einladung\u00a0hinzuweisen.<\/li>\n<li>Beschl\u00fcsse sind angenommen, wenn mehr als 50% der anwesenden stimmberechtigten\u00a0Mitglieder daf\u00fcr gestimmt haben. Satzungs\u00e4nderungen und\u00a0die Aufl\u00f6sung des Vereins\u00a0erfordern die Zustimmung von mehr als 75 % der anwesenden stimmberechtigten Mitglieder.\u00a0Die \u00c4nderung des Vereinszweckes\u00a0erfordert die Zustimmung aller anwesenden\u00a0Vereinsmitglieder.<\/li>\n<li>Die Abstimmung durch schriftliche Umfrage\u00a0(Briefwahl)\u00a0wird zugelassen, wenn\u00a0der Vorstand\u00a0das beschlossen hat.<\/li>\n<li>Der Vorstand ist verpflichtet, die Mitgliederversammlung einzuberufen, wenn mindestens\u00a050% der Mitglieder dies schriftlich fordern.<\/li>\n<li>Mit der Einberufung der Mitgliederversammlung ist die Tagesordnung bekannt zu geben.<\/li>\n<li>Die Einladung zur Mitgliederversammlung muss mindestens 14 Tage vor dem Termin der\u00a0Versammlung\u00a0erfolgen.\u00a0Im Streitfall gelten der Poststempel und die letzte vom Mitglied beim\u00a0Vorstand hinterlassene Anschrift<\/li>\n<li>In Vereinsfunktionen gew\u00e4hlt werden k\u00f6nnen alle vollj\u00e4hrigen und gesch\u00e4ftsf\u00e4higen\u00a0Mitglieder des Vereins.<\/li>\n<li>\u00c4nderungen oder Erg\u00e4nzungen der Satzung, die von der zust\u00e4ndigen Registerbeh\u00f6rde oder\u00a0vom Finanzamt vorgeschrieben werden, werden vom Vorstand umgesetzt und bed\u00fcrfen\u00a0keiner Beschlussfassung durch die Mitgliederversammlung. Sie sind den Mitgliedern\u00a0sp\u00e4testens mit der n\u00e4chsten Einladung zur Mitgliederversammlung mitzuteilen.<\/li>\n<\/ol>\n<h1>\u00a7 9 Rechte und Pflichten der Mitglieder<\/h1>\n<ol>\n<li>Die Rechte und Pflichten eines Mitgliedes ergeben sich aus\u00a0der Satzung des Vereins, der\u00a0Satzung des Luftsportverbandes Sachsen und den von der Mitgliederversammlung\u00a0beschlossenen Ordnungen.<\/li>\n<li>Die Mitglieder haben das Rech:\n<ul>\n<li>an Mitgliederversammlungen teilzunehmen,<\/li>\n<li>Vorschl\u00e4ge und Antr\u00e4ge einzubringen\u00a0und zur Diskussion zu sprechen,<\/li>\n<li>ihr Stimmrecht wahrzunehmen (ordentliche Mitglieder direkt, au\u00dferordentliche\u00a0Mitglieder durch ihren gesetzlichen Vertreter bzw. mit dessen Vollmacht),<\/li>\n<li>vor einem Ausschluss zur Sache zu sprechen, sofern nicht ausdr\u00fccklich oder durch\u00a0unentschuldigtes Fernbleiben darauf verzichtet wird<\/li>\n<li>auf\u00a0eine\u00a0unentgeltliche fachliche und sportliche Unterst\u00fctzung durch Mitglieder des\u00a0Vereins.<\/li>\n<li>auf Nutzung der Einrichtungen des Vereins entsprechend Nutzungsordnung<\/li>\n<li>auf Teilnahme an Wettbewerben und Veranstaltungen entsprechend Wettbewerbs-\u00a0und Veranstaltungsordnung.<\/li>\n<li>auf unentgeltlichen oder verg\u00fcnstigten Materialerwerb aus Vereinsbest\u00e4nden, sofern\u00a0der Verein es zu eben diesen Bedingungen erworben hat (Abgabe zum\u00a0Einstandspreis).<\/li>\n<\/ul>\n<\/li>\n<li>Die Mitglieder haben die Pflicht,\n<ul>\n<li>den Vereins-\u00a0und Verbandsfrieden zu wahren<\/li>\n<li>den Mitgliedsbeitrag p\u00fcnktlich und in der festgesetzten H\u00f6he zu entrichten.<\/li>\n<li>sportliche Fairness zu wahren und andere Vereinsmitglieder uneigenn\u00fctzig zu\u00a0unterst\u00fctzen.<\/li>\n<li>die Beschl\u00fcsse der Organe des Vereins und\u00a0des Luftsportverbandes Sachsen sowie\u00a0die von der Mitgliederversammlung beschlossenen Ordnungen einzuhalten, sofern\u00a0diese der Satzung nicht widersprechen<\/li>\n<li>sich umweltgerecht und entsprechend den geltenden Sicherheitsbestimmungen zu\u00a0verhalten und ggf. bestehende Beschr\u00e4nkungen zu respektieren.<\/li>\n<\/ul>\n<\/li>\n<\/ol>\n<h1>\u00a7 10 Gliederung, Struktur und T\u00e4tigkeitsbereich<\/h1>\n<\/div>\n<div><\/div>\n<ol>\n<li>Der Verein gliedert sich in Fachgruppen, die in Sektionen untergliedert sein k\u00f6nnen.<\/li>\n<li>Bez\u00fcglich der Mitgliedschaft im Verein ergeben sich hieraus keine Einschr\u00e4nkungen.<\/li>\n<\/ol>\n<div>\n<h1>\u00a7 11 Sch\u00e4den gegen\u00fcber Dritten<\/h1>\n<ol>\n<li>Bei Wettbewerben und Veranstaltungen haftet f\u00fcr durch Vereinsmitglieder Dritten zugef\u00fcgte\u00a0Personen-\u00a0und Sachsch\u00e4den der Luftsportverband Sachsen auf Basis der bestehenden\u00a0Haftpflichtversicherungen.<\/li>\n<li>Der Verein trifft Vorkehrungen f\u00fcr den Haftpflichtversicherungsschutz seiner Mitglieder f\u00fcr\u00a0Sch\u00e4den gegen\u00fcber Dritten aus dem Modellflugbetrieb, sofern daf\u00fcr nicht die\u00a0Voraussetzungen nach Abs.1. erf\u00fcllt sind, d.h. jeder aktive Modellflieger muss eine vom\u00a0Gesetzgeber vorgeschriebene Modellhalterhaftpflichtversicherung nachweisen k\u00f6nnen.<\/li>\n<\/ol>\n<h1>\u00a7 12 Finanzen<\/h1>\n<ol>\n<li>Die Finanzierung des Vereins erfolgt durch:\n<ul>\n<li>Aufnahmebeitr\u00e4ge<\/li>\n<li>Vereinsbeitr\u00e4ge<\/li>\n<li>Zuf\u00fchrungen vom Luftsportverband und Landessportbund<\/li>\n<li>Zusch\u00fcsse von Beh\u00f6rden, Betrieben\u00a0etc.<\/li>\n<li>Geb\u00fchren f\u00fcr Leistungen innerhalb des Vereins<\/li>\n<li>Einnahmen aus Leistungen f\u00fcr Dritte<\/li>\n<li>Einnahmen aus Veranstaltungen<\/li>\n<li>Spenden<\/li>\n<\/ul>\n<\/li>\n<li>Die Planung und Verwendung der Mittel erfolgt nach einem j\u00e4hrlich zu beschlie\u00dfenden\u00a0Haushaltsplan.<\/li>\n<\/ol>\n<h1>\u00a7 13 Vertretung im Rechtsverkehr<\/h1>\n<div>Der Verein wird im Rechtsverkehr vertreten durch:<\/div>\n<div>\uf0b7<\/div>\n<ul>\n<li>den Vorsitzenden des Vereins<\/li>\n<li>den Stellvertreter des Vorsitzenden<\/li>\n<li>den Schatzmeister<\/li>\n<\/ul>\n<h1>\u00a7 14 Assoziationen<\/h1>\n<div>Auf Beschluss der Mitgliederversammlung kann sich der Verein mit einem anderen Verein\u00a0vereinigen oder einem anderen Verein beitreten, wenn mindestens 75% der anwesenden\u00a0stimmberechtigten Mitglieder daf\u00fcr gestimmt haben.<\/div>\n<div><\/div>\n<h1>\u00a7 15 Aufl\u00f6sung\u00a0oder \u00c4nderung\u00a0des Vereins<\/h1>\n<ol>\n<li>Zum Zweck der Aufl\u00f6sung\u00a0oder der \u00c4nderung des Vereinszwecks\u00a0muss eine\u00a0Mitgliederversammlung einberufen werden.<\/li>\n<li>Bei Aufl\u00f6sung oder Aufhebung der K\u00f6rperschaft oder bei Wegfall der steuerbeg\u00fcnstigten\u00a0Zwecke f\u00e4llt das Verm\u00f6gen der K\u00f6rperschaft\u00a0an den\u00a0Luftsportverband Sachsen e.V., Dohnaer Str. 154, 01239 Dresden,\u00a0der\u00a0das Verm\u00f6gen\u00a0unmittelbar und ausschlie\u00dflich\u00a0f\u00fcr gemeinn\u00fctzige, mildt\u00e4tige oder\u00a0kirchliche Zwecke zu verwenden hat.<\/li>\n<\/ol>\n<p>Diese Neufassung der Satzung wurde auf der Mitgliederversammlung am 27. M\u00e4rz 2014 beschlossen. Sie tritt mit dem Tage der Registrierung beim Amtsgericht Dresden in Kraft, die vorherige Satzung wird damit gegenstandslos.<\/p>\n<div>Dresden, 27. M\u00e4rz 2014<\/div>\n<div><em>gez. der Vorstand, des MFSC TUD e.V.<\/em><\/div>\n<\/div>\n","protected":false},"excerpt":{"rendered":"<p>Stand vom 27. M\u00e4rz 2014 \u00a7 1 Name und Sitz Der Name des Vereins lautet &#8222;Modellflugsportclub TU Dresden e.V.&#8220; (MFSC TUD e.V.) Der Sitz des Vereins ist Dresden. Der Verein ist in das Vereinsregister beim Amtsgericht Dresden, unter VR 180 eingetragen. \u00a7 2 Zweck, Gemeinn\u00fctzigkeit, Mittelverwendung Der Verein verfolgt ausschlie\u00dflich und unmittelbar gemeinn\u00fctzige Zwecke, im [&hellip;]<\/p>\n","protected":false},"author":1,"featured_media":0,"parent":56,"menu_order":0,"comment_status":"closed","ping_status":"closed","template":"","meta":{"footnotes":""},"class_list":["post-41","page","type-page","status-publish","hentry"],"_links":{"self":[{"href":"https:\/\/f3f.de\/index.php?rest_route=\/wp\/v2\/pages\/41","targetHints":{"allow":["GET"]}}],"collection":[{"href":"https:\/\/f3f.de\/index.php?rest_route=\/wp\/v2\/pages"}],"about":[{"href":"https:\/\/f3f.de\/index.php?rest_route=\/wp\/v2\/types\/page"}],"author":[{"embeddable":true,"href":"https:\/\/f3f.de\/index.php?rest_route=\/wp\/v2\/users\/1"}],"replies":[{"embeddable":true,"href":"https:\/\/f3f.de\/index.php?rest_route=%2Fwp%2Fv2%2Fcomments&post=41"}],"version-history":[{"count":9,"href":"https:\/\/f3f.de\/index.php?rest_route=\/wp\/v2\/pages\/41\/revisions"}],"predecessor-version":[{"id":52,"href":"https:\/\/f3f.de\/index.php?rest_route=\/wp\/v2\/pages\/41\/revisions\/52"}],"up":[{"embeddable":true,"href":"https:\/\/f3f.de\/index.php?rest_route=\/wp\/v2\/pages\/56"}],"wp:attachment":[{"href":"https:\/\/f3f.de\/index.php?rest_route=%2Fwp%2Fv2%2Fmedia&parent=41"}],"curies":[{"name":"wp","href":"https:\/\/api.w.org\/{rel}","templated":true}]}}